{"id":14,"date":"2018-03-02T11:34:32","date_gmt":"2018-03-02T11:34:32","guid":{"rendered":"http:\/\/sedrarail.hr\/?page_id=14"},"modified":"2023-01-16T11:43:10","modified_gmt":"2023-01-16T11:43:10","slug":"about-us","status":"publish","type":"page","link":"https:\/\/sedrarail.hr\/de\/about-us\/","title":{"rendered":"\u00dcber uns"},"content":{"rendered":"<p><strong>Name:<\/strong> Sedra Rail d.o.o.<\/p>\n<p><strong>Sitz:<\/strong> Trnjanska cesta 37, 10000 ZAGREB<\/p>\n<p><strong>MBS (Matrikelnummer des Subjekts):<\/strong> 080882105<\/p>\n<p><strong>OIB (pers\u00f6nliche Identifikationsnummer):<\/strong> 95724582151<\/p>\n<p><strong>USt.-IdNr:<\/strong> HR95724582151<\/p>\n<p><strong>Gericht der Eintragung<\/strong>: das Handelsgericht in Zagreb<\/p>\n<p><b>Grundkapital:<\/b>\u00a01.000.000,00 HRK\/132.722,81 \u20ac (fester Umrechnungskurs 7.53450)<\/p>\n<p><strong>Gesch\u00e4ftsbank:<\/strong> Raiffeisenbank Austria d.d., Zagreb<\/p>\n<p><strong>IBAN:<\/strong> HR8624840081106933701<\/p>\n<p><strong>BIC\/SWIFT:<\/strong> RZBHHR2X<\/p>\n<p><strong>Vertretungsberechtigte Personen:<\/strong> Senad Mujagi\u0107 und Tomislav Samar\u017eija<\/p>\n<p>&nbsp;<\/p>\n<p><strong>DAS PROFIL DES UNTERNEHMENS<\/strong><\/p>\n<p>Das Unternehmen Sedra Rail wurde im Jahr 2013 als eine Gesellschaft mit begrenzter Haftung gegr\u00fcndet, die im internationalen Speditionsbereich aktiv ist. Wir bieten unseren Kunden die Dienstleistung der Transportorganisation und andere, damit verbundene, Dienstleistungen im Gebiet ganz Europas an. Das Kerngesch\u00e4ft des Unternehmens ist die Organisation des Bahntransports.<\/p>\n<p>Unsere Mission ist ein stabiler Wachstum im Rahmen der, auf dem Markt gebotenen, M\u00f6glichkeiten, die rechtzeitige Einkassierung der geleisteten Arbeit zum Zwecke der rechtzeitigen Begleichung unserer Lieferantenrechnungen und der Gehaltsauszahlung an unsere Angestellten, sowie die Erzielung einer ausreichenden Rentabilit\u00e4t zur weiteren Entwicklung der Gesellschaft.<\/p>\n<p>Wir gr\u00fcnden unser Gesch\u00e4ftswesen auf einem fairen Partnerverh\u00e4ltnis mit unseren Lieferanten und Kunden, deren Zufriedenheit durch die gr\u00f6\u00dfte St\u00e4rke des Unternehmens erreicht wird \u2013 einem professionellen und motivierten Team von Mitarbeitern.<\/p>\n<p>Die Gesellschaft Sedra Rail f\u00fchrt Gesch\u00e4fte in \u00dcbereinstimmung mit den Allgemeinen Gesch\u00e4ftsbedingungen der internationalen Spediteure Kroatiens bei der Kroatischen Handelskammer aus und ist Mitglied der Internationale F\u00f6deration der Spediteur-Organisation FIATA.<\/p>\n<p>&nbsp;<\/p>","protected":false},"excerpt":{"rendered":"<p>Name: Sedra Rail d.o.o. Sitz: Trnjanska cesta 37, 10000 ZAGREB MBS (Matrikelnummer des Subjekts): 080882105 OIB (pers\u00f6nliche Identifikationsnummer): 95724582151 USt.-IdNr: HR95724582151 Gericht der Eintragung: das Handelsgericht in Zagreb Grundkapital:\u00a01.000.000,00 HRK\/132.722,81 \u20ac (fester Umrechnungskurs 7.53450) Gesch\u00e4ftsbank: Raiffeisenbank Austria d.d., Zagreb IBAN: HR8624840081106933701 BIC\/SWIFT: RZBHHR2X Vertretungsberechtigte Personen: Senad Mujagi\u0107 und Tomislav Samar\u017eija &nbsp; DAS PROFIL DES UNTERNEHMENS [&hellip;]<\/p>\n","protected":false},"author":1,"featured_media":292,"parent":0,"menu_order":0,"comment_status":"closed","ping_status":"closed","template":"","meta":{"footnotes":""},"class_list":["post-14","page","type-page","status-publish","has-post-thumbnail","hentry"],"_links":{"self":[{"href":"https:\/\/sedrarail.hr\/de\/wp-json\/wp\/v2\/pages\/14","targetHints":{"allow":["GET"]}}],"collection":[{"href":"https:\/\/sedrarail.hr\/de\/wp-json\/wp\/v2\/pages"}],"about":[{"href":"https:\/\/sedrarail.hr\/de\/wp-json\/wp\/v2\/types\/page"}],"author":[{"embeddable":true,"href":"https:\/\/sedrarail.hr\/de\/wp-json\/wp\/v2\/users\/1"}],"replies":[{"embeddable":true,"href":"https:\/\/sedrarail.hr\/de\/wp-json\/wp\/v2\/comments?post=14"}],"version-history":[{"count":5,"href":"https:\/\/sedrarail.hr\/de\/wp-json\/wp\/v2\/pages\/14\/revisions"}],"predecessor-version":[{"id":395,"href":"https:\/\/sedrarail.hr\/de\/wp-json\/wp\/v2\/pages\/14\/revisions\/395"}],"wp:featuredmedia":[{"embeddable":true,"href":"https:\/\/sedrarail.hr\/de\/wp-json\/wp\/v2\/media\/292"}],"wp:attachment":[{"href":"https:\/\/sedrarail.hr\/de\/wp-json\/wp\/v2\/media?parent=14"}],"curies":[{"name":"wp","href":"https:\/\/api.w.org\/{rel}","templated":true}]}}