{"id":161,"date":"2018-03-08T11:19:21","date_gmt":"2018-03-08T11:19:21","guid":{"rendered":"http:\/\/sedrarail.hr\/?page_id=161"},"modified":"2022-05-03T11:50:56","modified_gmt":"2022-05-03T11:50:56","slug":"our-services","status":"publish","type":"page","link":"https:\/\/sedrarail.hr\/de\/our-services\/","title":{"rendered":"Leistungen"},"content":{"rendered":"<p><\/p>\n<h3>DIE INTERNATIONALE LOGISTIK UND DER TRANSPORT<\/h3>\n<p>&nbsp;<\/p>\n<p>Indem wir uns haupts\u00e4chlich auf die Bahntransport-Organisation konzentrieren, f\u00fchlt sich unser Team den spezifischen Anforderungen unseres Bahnverkehrs gewidmet, sowie der Beseitigung h\u00e4ufiger Barrieren, die sich durch die Zusammenarbeit verschiedener Transportunternehmen auf dem Transportweg ergeben.<\/p>\n<p>Wir nehmen jedoch gerne auch Anfragen zu anderen Transportarten entgegen, bei denen wir Ihnen, je nach Einsch\u00e4tzung aus den Anfragedetails, die indirekte Transportorganisation \u00fcber unsere Partner anbieten k\u00f6nnen oder den Kunden direkt den Lieferanten f\u00fcr die gew\u00fcnschte Anfrage empfehlen k\u00f6nnen.<\/p>\n<p>Wir bieten unseren Kunden:<\/p>\n<ul>\n<li>Die Organisation des internationalen Bahnverkehrs mit nationalen und privaten Transporteuren<\/li>\n<li>Die Organisation eines kombinierten Transportes<\/li>\n<li>Die Organisation des Stra\u00dfentransportes<\/li>\n<li>Die Organisation der Warenumschlag in H\u00e4fen und an Terminalen<\/li>\n<li>Die Beratung zur Auswahl der besten Transportm\u00f6glichkeit<\/li>\n<li>Die Auffindung des besten Transportwegs<\/li>\n<li>Die Auffindung der geeigneten Waggons in Zusammenarbeit mit Transporteuren und privaten Waggonvermietern<\/li>\n<li>Die Vorbereitung der Transportdokumente gem\u00e4\u00df den nationalen und internationalen Vorschriften<\/li>\n<\/ul>\n<p>&nbsp;<\/p>","protected":false},"excerpt":{"rendered":"<p>DIE INTERNATIONALE LOGISTIK UND DER TRANSPORT &nbsp; Indem wir uns haupts\u00e4chlich auf die Bahntransport-Organisation konzentrieren, f\u00fchlt sich unser Team den spezifischen Anforderungen unseres Bahnverkehrs gewidmet, sowie der Beseitigung h\u00e4ufiger Barrieren, die sich durch die Zusammenarbeit verschiedener Transportunternehmen auf dem Transportweg ergeben. Wir nehmen jedoch gerne auch Anfragen zu anderen Transportarten entgegen, bei denen wir Ihnen, [&hellip;]<\/p>\n","protected":false},"author":1,"featured_media":282,"parent":0,"menu_order":0,"comment_status":"closed","ping_status":"closed","template":"","meta":{"footnotes":""},"class_list":["post-161","page","type-page","status-publish","has-post-thumbnail","hentry"],"_links":{"self":[{"href":"https:\/\/sedrarail.hr\/de\/wp-json\/wp\/v2\/pages\/161","targetHints":{"allow":["GET"]}}],"collection":[{"href":"https:\/\/sedrarail.hr\/de\/wp-json\/wp\/v2\/pages"}],"about":[{"href":"https:\/\/sedrarail.hr\/de\/wp-json\/wp\/v2\/types\/page"}],"author":[{"embeddable":true,"href":"https:\/\/sedrarail.hr\/de\/wp-json\/wp\/v2\/users\/1"}],"replies":[{"embeddable":true,"href":"https:\/\/sedrarail.hr\/de\/wp-json\/wp\/v2\/comments?post=161"}],"version-history":[{"count":4,"href":"https:\/\/sedrarail.hr\/de\/wp-json\/wp\/v2\/pages\/161\/revisions"}],"predecessor-version":[{"id":387,"href":"https:\/\/sedrarail.hr\/de\/wp-json\/wp\/v2\/pages\/161\/revisions\/387"}],"wp:featuredmedia":[{"embeddable":true,"href":"https:\/\/sedrarail.hr\/de\/wp-json\/wp\/v2\/media\/282"}],"wp:attachment":[{"href":"https:\/\/sedrarail.hr\/de\/wp-json\/wp\/v2\/media?parent=161"}],"curies":[{"name":"wp","href":"https:\/\/api.w.org\/{rel}","templated":true}]}}