{"id":334,"date":"2018-11-16T12:50:51","date_gmt":"2018-11-16T12:50:51","guid":{"rendered":"https:\/\/sedrarail.hr\/?page_id=334"},"modified":"2018-11-27T14:04:14","modified_gmt":"2018-11-27T14:04:14","slug":"privacy-policy","status":"publish","type":"page","link":"https:\/\/sedrarail.hr\/de\/privacy-policy\/","title":{"rendered":"Datenschutzerkl\u00e4rung"},"content":{"rendered":"<p>Sedra Rail d.o.o. ist die Inhaberin von www.sedrarail.hr. Wir haben diese Datenschutzerkl\u00e4rung erstellt, um zu zeigen, dass wir uns um die Privatsph\u00e4re unserer Nutzer k\u00fcmmern und sie dar\u00fcber informieren, wie sie personenbezogene Daten auf dieser Website sammeln und verarbeiten k\u00f6nnen.<\/p>\n<p>Unser Unternehmen hat seinen Sitz in Trnjanska cesta 37, 10000 Zagreb.<\/p>\n<p><strong>Datensammlung<\/strong><\/p>\n<p>Personenbezogene Daten sind Informationen, die eine Person identifizieren k\u00f6nnen. Eine Person, deren Identit\u00e4t identifiziert werden kann, ist eine Person, die direkt oder indirekt identifiziert werden kann, insbesondere mit Hilfe von Identifikatoren wie Name, Identifikationsnummer, Standortinformation, Netzwerkidentifizierung oder mit Hilfe eines oder mehrerer Faktoren, die physisch, physiologisch, genetisch sind. die wirtschaftliche, kulturelle oder soziale Identit\u00e4t dieses Individuums.<\/p>\n<p>Wir erfassen Ihre personenbezogenen Daten nur, wenn Sie uns diese Informationen mit Ihrem Willen mitteilen. Wir sammeln Informationen \u00fcber Sie, wenn Sie das Formular ausf\u00fcllen oder sich f\u00fcr einen Newsletter anmelden.<\/p>\n<p>Sie sollten bedenken, dass pers\u00f6nliche Informationen und Daten automatisch \u00fcber unsere Internet-Server oder \u00fcber &#8222;Cookies&#8220; gesammelt werden k\u00f6nnen.<\/p>\n<p>Beispiele f\u00fcr Informationen zur Websitenutzung sind: Meist besuchte und am h\u00e4ufigsten aufgerufene Seiten und Links auf unserer Website, Anzahl ausgef\u00fcllter Formulare, Zeit auf der Seite, beliebteste Keywords, die Nutzer zu unserer Website f\u00fchren, Ihre IP-Adresse, \u00fcber Cookies gesammelte Daten Ihr Ger\u00e4t wie Hardwareeinstellungen, Systemaktivit\u00e4t, Browsertyp usw.<\/p>\n<p><strong>Datenverarbeitung<\/strong><\/p>\n<p>Die Informationen, die wir \u00fcber Sie erhalten, werden in einem oder mehreren der folgenden Zwecke verwendet:<\/p>\n<p>Um Ihre Benutzererfahrung zu personalisieren (die gesammelten Informationen helfen uns, besser auf Ihre individuellen Bed\u00fcrfnisse einzugehen);<\/p>\n<p>Im Interesse der Verbesserung unserer Website (wir versuchen st\u00e4ndig, das Angebot unserer Website aufgrund des Feedbacks unserer Besucher zu verbessern);<\/p>\n<p>Um den prim\u00e4ren Kanal der Kommunikation mit Ihnen zu etablieren;<\/p>\n<p>F\u00fcr gelegentliche E-Mail-\u00dcbermittlungen (betreffend gelegentliche Nachrichten, die (wenn Sie wollen), Updates, Informationen \u00fcber \u00e4hnliche Produkte oder Dienstleistungen usw.)<\/p>\n<p><strong>Links zu Dritten<\/strong><\/p>\n<p>Verwenden von Cookies<\/p>\n<p>Um zu erfahren, wie man Cookies verwendet, lesen Sie unsere <a href=\"\/de\/cookie-policy\">Cookie-Richtlinie<\/a> auf.<\/p>\n<p><strong>Schutz Ihrer Daten<\/strong><\/p>\n<p>Um die pers\u00f6nlichen Informationen, die Sie \u00fcber diese Website \u00fcbermitteln, zu sch\u00fctzen, verwenden wir physische, technische und organisatorische Sicherheitsma\u00dfnahmen. Wir aktualisieren und testen st\u00e4ndig unsere Sicherheitstechnologie. Wir beschr\u00e4nken den Zugriff auf Ihre pers\u00f6nlichen Daten nur auf Mitarbeiter, die diese Informationen kennen m\u00fcssen, um Ihnen einige Vorteile oder Dienste anbieten zu k\u00f6nnen. Dar\u00fcber hinaus informieren wir unsere Mitarbeiter \u00fcber die Wichtigkeit der Vertraulichkeit der Daten und sch\u00fctzen die Privatsph\u00e4re und den Schutz Ihrer Daten.<\/p>\n<p><strong>Speicherung und Frist f\u00fcr die Speicherung von Daten<\/strong><\/p>\n<p>Ihre pers\u00f6nlichen Daten werden bei uns gespeichert und gesch\u00fctzt. Die pers\u00f6nlichen Informationen, die Sie uns f\u00fcr Gesch\u00e4fts- oder Kontaktzwecke zur Verf\u00fcgung stellen, werden ausschlie\u00dflich f\u00fcr gesch\u00e4ftliche Zwecke aufgrund Ihrer Einwilligung verwendet, mit Ausnahme der Informationen, die wir aus rechtlichen oder rechtlichen Gr\u00fcnden ben\u00f6tigen.<\/p>\n<p><strong>Rechte von Einzelpersonen<\/strong><\/p>\n<p>Wenn Sie wissen m\u00f6chten, ob wir Ihre pers\u00f6nlichen Daten besitzen und verarbeiten oder wenn Sie auf Ihre pers\u00f6nlichen Daten zugreifen m\u00f6chten, kontaktieren Sie uns bitte unter dpo@sedrarail.com. Sie k\u00f6nnen auch Informationen anfordern \u00fcber: den Zweck der Datenverarbeitung, die Kategorien verarbeiteter personenbezogener Daten; wer noch au\u00dferhalb unserer Firma ist, hat Ihre pers\u00f6nlichen Informationen von uns erhalten; welches die Quelle der pers\u00f6nlichen Daten ist (wenn Sie uns nicht direkt zur Verf\u00fcgung gestellt haben); und wie lange wir die Daten behalten werden. Sie haben das Recht, Ihre pers\u00f6nlichen Daten zu korrigieren, wenn sie nicht korrekt sind. Mit gewissen Ausnahmen k\u00f6nnen Sie auch verlangen, dass wir Ihre Daten l\u00f6schen oder Ihre Verarbeitung einstellen. Sie k\u00f6nnen beantragen, dass wir Ihre pers\u00f6nlichen Daten nicht mehr f\u00fcr Direktmarketingzwecke verwenden. In vielen L\u00e4ndern haben Sie das Recht, eine Beschwerde bei der Datenschutzbeh\u00f6rde einzureichen, wenn Sie mit dem Umgang mit Ihren pers\u00f6nlichen Daten nicht zufrieden sind. Wenn technisch m\u00f6glich, senden wir Ihnen auf Ihren Wunsch Ihre pers\u00f6nlichen Daten oder leiten sie direkt an einen anderen Prozessmanager weiter.<\/p>\n<p>Wenn Sie eine Anfrage zur \u00dcbermittlung Ihrer pers\u00f6nlichen Daten an dpo@sedrarail.com senden, werden wir auf diese Anfrage kostenlos antworten. Wenn wir Ihrer Anfrage nicht innerhalb einer angemessenen Frist nachkommen k\u00f6nnen, werden wir Sie \u00fcber das Datum informieren, an dem wir der Anfrage nachkommen werden. Wenn wir aus irgendeinem Grund Ihre Anfrage nicht beantworten k\u00f6nnen, senden wir Ihnen eine Erkl\u00e4rung, warum wir Ihre Anfrage nicht beantwortet haben.<\/p>\n<p><strong>Benachrichtigung bei Verletzung pers\u00f6nlicher Daten<\/strong><\/p>\n<p>Im Falle einer Verletzung des Datenschutzes werden wir Sie und die zust\u00e4ndige Aufsichtsbeh\u00f6rde innerhalb von 72 Stunden per E-Mail \u00fcber das Ausma\u00df der Verletzung, die erfassten Daten, die potenziellen Auswirkungen auf unsere Dienste und unsere geplanten Datenschutzma\u00dfnahmen und die Begrenzung etwaiger sch\u00e4dlicher Auswirkungen informieren.<\/p>\n<p><strong>Wir werden keine Benachrichtigung \u00fcber einen Versto\u00df senden, falls:<\/strong><\/p>\n<ul>\n<li>Es gibt technische und organisatorische Schutzma\u00dfnahmen (z. B. Verschl\u00fcsselung), die auf personenbezogene Daten angewendet werden, die von Verletzungen personenbezogener Daten betroffen sind, die diese Informationen f\u00fcr Personen unzug\u00e4nglich machen, die nicht dazu berechtigt sind.<\/li>\n<li>wenn wir weitere Schritte unternommen haben, um sicherzustellen, dass die Rechte und Freiheiten von Einzelpersonen nicht mehr stark gef\u00e4hrdet sind;<\/li>\n<li>Wenn dies eine unverh\u00e4ltnism\u00e4\u00dfige Anstrengung w\u00e4re (in diesem Fall werden wir Sie \u00fcber Mittel der \u00f6ffentlichen Bekanntgabe oder \u00e4hnliche gleich wirksame Ma\u00dfnahmen informieren).<\/li>\n<\/ul>\n<p>Die Verletzung personenbezogener Daten bedeutet eine Sicherheitsverletzung, die zu unbeabsichtigter oder unrechtm\u00e4\u00dfiger Zerst\u00f6rung, Verlust, Ver\u00e4nderung, unbefugter Weitergabe oder Zugriff auf personenbezogene Daten f\u00fchrt, die im Zusammenhang mit der Bereitstellung unserer Dienste \u00fcbertragen, gespeichert und verarbeitet werden.<\/p>\n<p><strong>Ihre Zustimmung<\/strong><\/p>\n<p>Durch die Nutzung dieser Website gew\u00e4hren Sie Zugang zu dieser Datenschutzerkl\u00e4rung.<\/p>\n<p><strong>\u00c4nderungen unserer Datenschutzrichtlinie<\/strong><\/p>\n<p>Im Falle einer \u00c4nderung unserer Datenschutzerkl\u00e4rung werden wir Sie auf dieser Seite dar\u00fcber informieren und das folgende \u00c4nderungsdatum der Datenschutzerkl\u00e4rung aktualisieren.<\/p>\n<p><strong>Diese Datenschutzerkl\u00e4rung wurde zuletzt am 16.11.2018 aktualisiert.<\/strong><\/p>","protected":false},"excerpt":{"rendered":"<p>Sedra Rail d.o.o. ist die Inhaberin von www.sedrarail.hr. Wir haben diese Datenschutzerkl\u00e4rung erstellt, um zu zeigen, dass wir uns um die Privatsph\u00e4re unserer Nutzer k\u00fcmmern und sie dar\u00fcber informieren, wie sie personenbezogene Daten auf dieser Website sammeln und verarbeiten k\u00f6nnen. Unser Unternehmen hat seinen Sitz in Trnjanska cesta 37, 10000 Zagreb. Datensammlung Personenbezogene Daten sind [&hellip;]<\/p>\n","protected":false},"author":1,"featured_media":277,"parent":0,"menu_order":0,"comment_status":"closed","ping_status":"closed","template":"","meta":{"footnotes":""},"class_list":["post-334","page","type-page","status-publish","has-post-thumbnail","hentry"],"_links":{"self":[{"href":"https:\/\/sedrarail.hr\/de\/wp-json\/wp\/v2\/pages\/334","targetHints":{"allow":["GET"]}}],"collection":[{"href":"https:\/\/sedrarail.hr\/de\/wp-json\/wp\/v2\/pages"}],"about":[{"href":"https:\/\/sedrarail.hr\/de\/wp-json\/wp\/v2\/types\/page"}],"author":[{"embeddable":true,"href":"https:\/\/sedrarail.hr\/de\/wp-json\/wp\/v2\/users\/1"}],"replies":[{"embeddable":true,"href":"https:\/\/sedrarail.hr\/de\/wp-json\/wp\/v2\/comments?post=334"}],"version-history":[{"count":3,"href":"https:\/\/sedrarail.hr\/de\/wp-json\/wp\/v2\/pages\/334\/revisions"}],"predecessor-version":[{"id":357,"href":"https:\/\/sedrarail.hr\/de\/wp-json\/wp\/v2\/pages\/334\/revisions\/357"}],"wp:featuredmedia":[{"embeddable":true,"href":"https:\/\/sedrarail.hr\/de\/wp-json\/wp\/v2\/media\/277"}],"wp:attachment":[{"href":"https:\/\/sedrarail.hr\/de\/wp-json\/wp\/v2\/media?parent=334"}],"curies":[{"name":"wp","href":"https:\/\/api.w.org\/{rel}","templated":true}]}}