{"id":336,"date":"2018-11-16T12:51:06","date_gmt":"2018-11-16T12:51:06","guid":{"rendered":"https:\/\/sedrarail.hr\/?page_id=336"},"modified":"2018-11-27T13:34:02","modified_gmt":"2018-11-27T13:34:02","slug":"cookie-policy","status":"publish","type":"page","link":"https:\/\/sedrarail.hr\/de\/cookie-policy\/","title":{"rendered":"Cookie-Richtlinie"},"content":{"rendered":"<p><strong>Diese Seite verwendet Cookies<\/strong><\/p>\n<p>Damit diese Website ordnungsgem\u00e4\u00df funktioniert, muss diese Seite eine kleine Menge an Informationen (Cookies) auf Ihrem Computer speichern, damit Sie die Website weiter verbessern und das Surfverhalten verbessern k\u00f6nnen. \u00dcber 90% aller Websites nutzen diese Praxis, aber gem\u00e4\u00df den EU-Vorschriften seit dem 25. M\u00e4rz 2011. wir sind verpflichtet, Ihre Zustimmung zu verlangen, bevor Sie Cookie speichern. Durch die Nutzung der Website stimmen Sie der Verwendung von Cookies zu. Durch das Blockieren von Cookies k\u00f6nnen Sie die Seite weiterhin durchsuchen, einige der Funktionen sind jedoch nicht verf\u00fcgbar.<\/p>\n<p><strong>Was ist ein Cookie?<\/strong><\/p>\n<p>Die Cookie-Informationen werden von der von Ihnen besuchten Website auf Ihrem Computer gespeichert. Cookies speichern in der Regel Ihre Einstellungen, Web-Einstellungen wie Ihre bevorzugte Sprache oder Adresse. Sp\u00e4ter, wenn Sie dieselbe Webseite erneut \u00f6ffnen, sendet der Internetbrowser die Cookies zur\u00fcck, die zu dieser Seite geh\u00f6ren. Dadurch kann die Seite Informationen anzeigen, die auf Ihre Bed\u00fcrfnisse zugeschnitten sind.<\/p>\n<p>Cookies k\u00f6nnen eine Vielzahl von Informationen speichern, einschlie\u00dflich pers\u00f6nlicher Informationen (z. B. Ihr Name oder Ihre E-Mail-Adresse). Diese Informationen k\u00f6nnen jedoch nur gespeichert werden, wenn Sie sie aktivieren &#8211; die Websites k\u00f6nnen nicht auf die Informationen zugreifen, die Sie nicht angegeben haben, und k\u00f6nnen nicht auf andere Dateien auf Ihrem Computer zugreifen. Die Standardaktivit\u00e4t zum Speichern und Senden von Cookies ist f\u00fcr Sie nicht sichtbar. Sie k\u00f6nnen jedoch Ihre Internet-Browser-Einstellungen \u00e4ndern, und Sie k\u00f6nnen dann ausw\u00e4hlen, ob Sie Cookie-Anfragen genehmigen oder ablehnen, gespeicherte Cookies automatisch l\u00f6schen m\u00f6chten, wenn Sie Ihren Internet-Browser schlie\u00dfen, und dergleichen.<\/p>\n<p><strong>Was sind tempor\u00e4re Cookies?<\/strong><\/p>\n<p>Tempor\u00e4re Cookies oder Cookies werden von Ihrem Computer entfernt, wenn Sie Ihren Browser schlie\u00dfen. Mit ihnen speichern Websites tempor\u00e4re Informationen wie Artikel in einem Einkaufswagen.<\/p>\n<p><strong>Was sind permanente Cookies?<\/strong><\/p>\n<p>Permanente oder gespeicherte Cookies bleiben auf Ihrem Computer, nachdem Sie das Internet-Browser-Programm geschlossen haben. Mit ihnen speichern Websites Informationen wie den Anmeldenamen und das Passwort, sodass Sie sich nicht bei jedem Besuch an einem bestimmten Ort anmelden m\u00fcssen. Permanente Cookies bleiben f\u00fcr Tage, Monate oder sogar Jahre auf Ihrem Computer.<\/p>\n<p><strong>Was sind Cookies von der ersten Seite?<\/strong><\/p>\n<p>Cookies von Erstanbietern stammen von den von Ihnen beobachteten Websites und k\u00f6nnen permanent oder vor\u00fcbergehend sein. Mit diesen Cookies k\u00f6nnen Websites die Daten speichern, die sie beim Besuch der Website erneut verwenden.<\/p>\n<p><strong>Was sind Drittanbieter-Cookies?<\/strong><\/p>\n<p>Cookies von Drittanbietern stammen von Anzeigen anderer Websites (z. B. Pop- oder andere Anzeigen), die sich auf der Website befinden, die Sie gerade ansehen. Mit diesen Cookies k\u00f6nnen Websites die Nutzung des Internets zu Marketingzwecken verfolgen.<\/p>\n<p><strong>\u00a0<\/strong><strong>Benutzen Sie <a href=\"http:\/\/www.sedrarail.hr\">www.sedrarail.hr<\/a> Pl\u00e4tzchen?<\/strong><\/p>\n<p>Ja, mit dem prim\u00e4ren Ziel, unsere Website f\u00fcr Sie besser zu machen.<\/p>\n<p><strong>Welche Art von Cookies benutzt\u00a0 www.sedrarail.hr und warum?<\/strong><\/p>\n<p>Tempor\u00e4re Cookies &#8211; dies sind tempor\u00e4re Cookies, die beim Schlie\u00dfen des Internet-Browsers darauf hinweisen (und automatisch gel\u00f6scht werden). Wir verwenden Session-Cookies, um den Zugriff auf Inhalte zu erm\u00f6glichen und Kommentare zu erm\u00f6glichen (Dinge, die Sie tun m\u00fcssen, wenn Sie sich mit Ihren Webseiteninformationen anmelden).<\/p>\n<p>Dauerhafte Cookies &#8211; normalerweise haben Sie ein Datum, das weit in die Zukunft abl\u00e4uft und in Ihrem Browser verbleibt, bis es abl\u00e4uft oder bis Sie es manuell l\u00f6schen. Wir verwenden auch dauerhafte Cookies, um die Benutzergewohnheiten besser zu verstehen, so dass wir die Website gem\u00e4\u00df Ihren Gewohnheiten verbessern k\u00f6nnen.<\/p>\n<p><strong>Hat die Website Cookies von Drittanbietern?<\/strong><\/p>\n<p>Es gibt mehrere externe Dienste, die Cookies f\u00fcr einen Benutzer speichern. Diese Cookies werden nicht von dieser Website eingerichtet, aber einige dienen zum normalen Funktionieren bestimmter Funktionen, die Benutzern den Zugriff auf Inhalte erleichtern.<\/p>\n<p><strong>Wie kann ich Cookies deaktivieren?<\/strong><\/p>\n<p>Wenn Sie m\u00f6chten, k\u00f6nnen Sie Cookies auf Ihrem Computer deaktivieren, aber das Blockieren aller Cookies kann sich negativ auf die Nutzung vieler Websites auswirken, einschlie\u00dflich dieser. Cookie-Einstellungen k\u00f6nnen in Ihrem Webbrowser gesteuert und konfiguriert werden. Wenn Sie Cookies auf Ihrem Computer l\u00f6schen oder deaktivieren m\u00f6chten, m\u00fcssen Sie Ihre Browsereinstellungen aktualisieren (Informationen zum L\u00f6schen und Deaktivieren von Cookies finden Sie in Ihrem Browser, indem Sie das Men\u00fc Hilfe w\u00e4hlen).<\/p>\n<p>Sie k\u00f6nnen mehr unter den folgenden Webadressen lesen:<\/p>\n<p><a href=\"http:\/\/www.allaboutcookies.org\/\">http:\/\/www.allaboutcookies.org\/<\/a><\/p>\n<p><a href=\"http:\/\/www.youronlinechoices.com\/hr\/\">http:\/\/www.youronlinechoices.com\/hr\/<\/a><\/p>\n<p><a href=\"http:\/\/www.aboutads.info\/choices\/\">http:\/\/www.aboutads.info\/choices\/<\/a><\/p>\n<p>Sedra Rail d.o.o. schlie\u00dft jegliche Haftung f\u00fcr den Verlust der Funktionalit\u00e4t des Dienstes und die Qualit\u00e4t der Inhalte auf dieser Website in allen F\u00e4llen aus, in denen die Wahl getroffen wurde, den Erhalt der Cookies durch den Benutzer zu arrangieren.<\/p>\n<p>Diese Website verwendet Cookies auch, um Besuche und Produkt- \/ Serviceanzeigen auf der Website, in den Display-Netzwerken und durch die Verwendung von Re-Marketing in Google Analytics zu messen. Durch die Verwendung von Drittanbietern (einschlie\u00dflich Google) nutzen wir au\u00dferdem das Google Analytics Demographie- und Interessenberichterstattungstool zum Ver\u00f6ffentlichen von Inhalten, die f\u00fcr Ihre Interessen und zuk\u00fcnftige Marketingkampagnen geeignet sind. Dort k\u00f6nnen wir Daten aus der interessenbasierten Werbung von Google oder Informationen Dritter (z. Alter, Geschlecht und Interessen) in Google Analytics. Detaillierte Informationen von Drittanbietern zu diesem Dienst sowie Benutzeroptionen zum Festlegen der erforderlichen Cookie-Einstellungen finden Sie unter: <a href=\"http:\/\/www.google.com\/analytics\/lernen\/privacy.html\">http:\/\/www.google.com\/analytics\/lernen\/privacy.html<\/a>.<\/p>\n<p>Soziale Netzwerke k\u00f6nnen auch Cookies auf Ihrem Computer platzieren. Dies geschieht auf Web-Seiten, die Sie erlauben, sie anzumelden und \u00fcber Konten von sozialen Netzwerken anmelden und wenn Sie Ihre Website Inhalte in sozialen Netzwerken teilen (z.B. \u00dcber einen \u201eLike-Button\u201c). Die spezifischen Auswirkungen auf Ihrer Privatsph\u00e4re von sozialen Netzwerken zu sozialen Netzwerken variieren und Dies h\u00e4ngt von den Datenschutzeinstellungen ab, die Sie in diesen Netzwerken gew\u00e4hlt haben. Sie erfahren, wie Sie diese Cookies auf ihren Webseiten verwalten.<\/p>\n<p>Sedra Rail d.o.o. respektiert die Anonymit\u00e4t und Privatsph\u00e4re der Nutzer dieser Seite. Au\u00dferdem k\u00f6nnen wir pers\u00f6nliche Informationen des Benutzers wie Name, Adresse, Telefonnummer oder E-Mail-Adresse erfassen, wenn derselbe Nutzer sich freiwillig \u00fcber die Website oder andere Kommunikationskan\u00e4le einreicht.<\/p>\n<p>Sedra Rail d.o.o. die Informationen ausschlie\u00dflich zum Zwecke der besseren Einsicht und Verst\u00e4ndnis der individuellen Bed\u00fcrfnisse und Anforderungen der Nutzer verwenden sowie die beste Qualit\u00e4t f\u00fcr alle Dienste auf die Kundenzufriedenheit zu entwickeln. Sedra Rail d.o.o. k\u00f6nnen f\u00fcr die Datenverarbeitung Partner verwendet werden, mit denen sie und der angemessenen Schutz von Benutzerdaten mit der Tatsache, dass Sedra Rail d.o.o. auf dem Partner nicht weitergeleitet Informationen, die zur Arbeit ausdr\u00fccklich vereinbart wird<\/p>","protected":false},"excerpt":{"rendered":"<p>Diese Seite verwendet Cookies Damit diese Website ordnungsgem\u00e4\u00df funktioniert, muss diese Seite eine kleine Menge an Informationen (Cookies) auf Ihrem Computer speichern, damit Sie die Website weiter verbessern und das Surfverhalten verbessern k\u00f6nnen. \u00dcber 90% aller Websites nutzen diese Praxis, aber gem\u00e4\u00df den EU-Vorschriften seit dem 25. M\u00e4rz 2011. wir sind verpflichtet, Ihre Zustimmung zu [&hellip;]<\/p>\n","protected":false},"author":1,"featured_media":277,"parent":0,"menu_order":0,"comment_status":"closed","ping_status":"closed","template":"","meta":{"footnotes":""},"class_list":["post-336","page","type-page","status-publish","has-post-thumbnail","hentry"],"_links":{"self":[{"href":"https:\/\/sedrarail.hr\/de\/wp-json\/wp\/v2\/pages\/336","targetHints":{"allow":["GET"]}}],"collection":[{"href":"https:\/\/sedrarail.hr\/de\/wp-json\/wp\/v2\/pages"}],"about":[{"href":"https:\/\/sedrarail.hr\/de\/wp-json\/wp\/v2\/types\/page"}],"author":[{"embeddable":true,"href":"https:\/\/sedrarail.hr\/de\/wp-json\/wp\/v2\/users\/1"}],"replies":[{"embeddable":true,"href":"https:\/\/sedrarail.hr\/de\/wp-json\/wp\/v2\/comments?post=336"}],"version-history":[{"count":3,"href":"https:\/\/sedrarail.hr\/de\/wp-json\/wp\/v2\/pages\/336\/revisions"}],"predecessor-version":[{"id":412,"href":"https:\/\/sedrarail.hr\/de\/wp-json\/wp\/v2\/pages\/336\/revisions\/412"}],"wp:featuredmedia":[{"embeddable":true,"href":"https:\/\/sedrarail.hr\/de\/wp-json\/wp\/v2\/media\/277"}],"wp:attachment":[{"href":"https:\/\/sedrarail.hr\/de\/wp-json\/wp\/v2\/media?parent=336"}],"curies":[{"name":"wp","href":"https:\/\/api.w.org\/{rel}","templated":true}]}}